{"id":56,"date":"2014-10-24T10:00:34","date_gmt":"2014-10-24T14:00:34","guid":{"rendered":"http:\/\/gadabdoncalderon.gob.ec\/manabi\/?page_id=56"},"modified":"2015-11-07T12:06:32","modified_gmt":"2015-11-07T16:06:32","slug":"documentos-2014-2015","status":"publish","type":"page","link":"https:\/\/puellaro.gob.ec\/pichincha\/?page_id=56","title":{"rendered":"LOTAIP 2014"},"content":{"rendered":"<p style=\"text-align: justify;\"><strong><a href=\"http:\/\/puellaro.gob.ec\/pichincha\/wp-content\/uploads\/2014\/10\/CODIGO-TRABAJO-2015.pdf\">CODIGO-TRABAJO-2015<\/a>\u00a0<\/strong><\/p>\n<p style=\"text-align: justify;\"><strong>Art. 7.- Difusi\u00f3n de la Informaci\u00f3n P\u00fablica.-<\/strong><\/p>\n<p style=\"text-align: justify;\">Por la transparencia en la gesti\u00f3n administrativa que est\u00e1n obligadas a observar todas las instituciones del Estado que conforman el sector p\u00fablico en los t\u00e9rminos del art\u00edculo 118 de la Constituci\u00f3n Pol\u00edtica de la Rep\u00fablica y dem\u00e1s entes se\u00f1alados en el art\u00edculo 1 de la presente Ley, difundir\u00e1n a trav\u00e9s de un portal de informaci\u00f3n o p\u00e1gina web, as\u00ed como de los medios necesarios a disposici\u00f3n del p\u00fablico, implementados en la misma instituci\u00f3n, la siguiente informaci\u00f3n m\u00ednima actualizada, que para efectos de esta Ley se la considera de naturaleza obligatoria:<\/p>\n<p style=\"text-align: justify;\"><strong>FORMATOS LOTAIP<\/strong><\/p>\n<p style=\"text-align: justify;\"><strong>a) Organizaci\u00f3n Interna<\/strong><br \/>\nEstructura Org\u00e1nica Funcional.<\/p>\n<div id=\"attachment_225\" style=\"width: 710px\" class=\"wp-caption alignnone\"><a href=\"http:\/\/puellaro.gob.ec\/pichincha\/wp-content\/uploads\/2014\/10\/ESTRUCTURA-ORGANICA.jpg\"><img loading=\"lazy\" decoding=\"async\" aria-describedby=\"caption-attachment-225\" class=\"size-full wp-image-225\" src=\"http:\/\/puellaro.gob.ec\/pichincha\/wp-content\/uploads\/2014\/10\/ESTRUCTURA-ORGANICA.jpg\" alt=\"estructura \" width=\"700\" height=\"495\" data-id=\"225\" srcset=\"https:\/\/puellaro.gob.ec\/pichincha\/wp-content\/uploads\/2014\/10\/ESTRUCTURA-ORGANICA.jpg 700w, https:\/\/puellaro.gob.ec\/pichincha\/wp-content\/uploads\/2014\/10\/ESTRUCTURA-ORGANICA-300x212.jpg 300w\" sizes=\"auto, (max-width: 700px) 100vw, 700px\" \/><\/a><p id=\"caption-attachment-225\" class=\"wp-caption-text\">estructura<\/p><\/div>\n<p style=\"text-align: justify;\">Base legal que la rige, regulaciones y procedimientos internos aplicables a la entidad.<\/p>\n<p style=\"text-align: justify;\"><a href=\"http:\/\/puellaro.gob.ec\/pichincha\/wp-content\/uploads\/2014\/10\/CONSTITUCI\u00d3N-DE-LA-REP\u00daBLICA-DEL-ECUADOR.pdf\">CONSTITUCI\u00d3N DE LA REP\u00daBLICA DEL ECUADOR<\/a><\/p>\n<p style=\"text-align: justify;\"><a href=\"http:\/\/puellaro.gob.ec\/pichincha\/wp-content\/uploads\/2014\/10\/COOTAD_2012.pdf\">COOTAD_2012<\/a><\/p>\n<p style=\"text-align: justify;\"><a href=\"http:\/\/puellaro.gob.ec\/pichincha\/wp-content\/uploads\/2014\/10\/codigo-organico-de-planificacion.pdf\">codigo-organico-de-planificacion<\/a><\/p>\n<p style=\"text-align: justify;\"><a href=\"http:\/\/puellaro.gob.ec\/pichincha\/wp-content\/uploads\/2014\/10\/ley-organica-de-la-contraloria-general-del-estado.pdf\">ley organica de la contraloria general del estado<\/a><\/p>\n<p style=\"text-align: justify;\"><a href=\"http:\/\/puellaro.gob.ec\/pichincha\/wp-content\/uploads\/2014\/10\/LEY-ORGANICA-DEL-SISTEMA-NACIONAL-DE-COMPRAS-PUBLICAS-LOSNCP.pdf\">LEY ORGANICA DEL SISTEMA NACIONAL DE COMPRAS PUBLICAS LOSNCP<\/a><\/p>\n<p style=\"text-align: justify;\"><a href=\"http:\/\/puellaro.gob.ec\/pichincha\/wp-content\/uploads\/2014\/10\/CODIGO-TRABAJO-2015.pdf\">CODIGO-TRABAJO-2015<\/a><\/p>\n<p style=\"text-align: justify;\"><a href=\"http:\/\/puellaro.gob.ec\/pichincha\/wp-content\/uploads\/2014\/10\/ppdot_puellaro.pdf\">ppdot_puellaro<\/a><\/p>\n<p style=\"text-align: justify;\"><a href=\"http:\/\/puellaro.gob.ec\/pichincha\/wp-content\/uploads\/2014\/10\/LOSEP-2015.pdf\">LOSEP-2015<\/a><\/p>\n<p style=\"text-align: justify;\"><a href=\"http:\/\/puellaro.gob.ec\/pichincha\/wp-content\/uploads\/2014\/10\/LOTAIP-2015.pdf\">LOTAIP-2015<\/a><\/p>\n<p style=\"text-align: justify;\"><a href=\"http:\/\/puellaro.gob.ec\/pichincha\/wp-content\/uploads\/2014\/10\/LOTAIP-REGLAMENTO-2015.pdf\">LOTAIP-REGLAMENTO-2015<\/a><\/p>\n<p style=\"text-align: justify;\"><a href=\"http:\/\/puellaro.gob.ec\/pichincha\/wp-content\/uploads\/2014\/10\/LOCPCCCS-2015.pdf\">LOCPCCCS-2015<\/a><\/p>\n<p style=\"text-align: justify;\">Metas y Objetivos de las unidades administrativas de conformidad con sus programas operativos.<\/p>\n<p style=\"text-align: justify;\"><strong>b) Directorio<\/strong><br \/>\nDirectorio completo de la instituci\u00f3n; as\u00ed como su distributivo de personal.<\/p>\n<p style=\"text-align: justify;\"><strong>c) Remuneraciones<\/strong><br \/>\nRemuneraci\u00f3n mensual por puesto y todo ingreso adicional incluso el sistema de compensaci\u00f3n, seg\u00fan lo establezcan las disposiciones correspondientes.<\/p>\n<p style=\"text-align: justify;\"><strong>d) Servicios<\/strong><br \/>\nServicios que ofrece y la forma de acceder a ellos, horarios de atenci\u00f3n y dem\u00e1s indicaciones necesarias.<\/p>\n<p style=\"text-align: justify;\"><strong>e) Contratos Colectivos<\/strong><br \/>\nTexto integro de todos los contratos colectivos vigentes en la instituci\u00f3n, as\u00ed como sus anexos y reformas.<\/p>\n<p style=\"text-align: justify;\"><strong>f) Formularios para Tr\u00e1mites<\/strong><br \/>\nSe publicar\u00e1n los formularios o formatos de solicitudes que se requieran para los tr\u00e1mites inherentes a su campo de acci\u00f3n.<\/p>\n<p style=\"text-align: justify;\"><a href=\"http:\/\/puellaro.gob.ec\/pichincha\/wp-content\/uploads\/2014\/10\/FORMULARIO-PEDIDO-DE-USO-EVENTUAL-DEL-ESPACIO-P\u00daBLICO.docx\">FORMULARIO PEDIDO DE USO EVENTUAL DEL ESPACIO P\u00daBLICO<\/a><\/p>\n<p style=\"text-align: justify;\"><strong>g) Presupuesto Anual<\/strong><br \/>\nInformaci\u00f3n total sobre el presupuesto anual que administra la instituci\u00f3n, especificando ingresos, gastos, financiamiento y resultados operativos de conformidad con los clasificadores presupuestales, as\u00ed como liquidaci\u00f3n del presupuesto, especificando destinatarios de la entrega de recursos p\u00fablicos.<\/p>\n<p style=\"text-align: justify;\"><a href=\"http:\/\/puellaro.gob.ec\/pichincha\/wp-content\/uploads\/2014\/10\/balance-de-comprobacion-2014.pdf\">BALANCE DE COMPROBACI\u00d3N 2014<\/a><\/p>\n<p style=\"text-align: justify;\"><a href=\"http:\/\/puellaro.gob.ec\/pichincha\/wp-content\/uploads\/2014\/10\/estadoresultados-20141.pdf\">ESTADO DE RESULTADOS 2014<\/a><\/p>\n<p style=\"text-align: justify;\"><a href=\"http:\/\/puellaro.gob.ec\/pichincha\/wp-content\/uploads\/2014\/10\/situacionfinanciera-2014.pdf\">ESTADO DE SITUACI\u00d3N FINANCIERA 2014<\/a><\/p>\n<p style=\"text-align: justify;\"><a href=\"http:\/\/puellaro.gob.ec\/pichincha\/wp-content\/uploads\/2014\/10\/flujoefectivo-2014.pdf\">FLUJO DE EFECTIVO 2014<\/a><\/p>\n<p style=\"text-align: justify;\"><a href=\"http:\/\/puellaro.gob.ec\/pichincha\/wp-content\/uploads\/2014\/10\/cedulagastos-2014.pdf\">C\u00c9DULAS DE GASTOS 2014<\/a><\/p>\n<p style=\"text-align: justify;\"><a href=\"http:\/\/puellaro.gob.ec\/pichincha\/wp-content\/uploads\/2014\/10\/cedulaingresos-2014.pdf\">C\u00c9DULAS DE INGRESOS 2014<\/a><\/p>\n<p style=\"text-align: justify;\"><a href=\"http:\/\/puellaro.gob.ec\/pichincha\/wp-content\/uploads\/2014\/10\/ejecucionpresupuestaria-2014.pdf\">EJECUCI\u00d3N PRESUPUESTARIA 2014<\/a><\/p>\n<p style=\"text-align: justify;\"><strong>h) Auditorias Internas<\/strong><br \/>\nLos resultados de las auditorias internas y gubernamentales al ejercicio presupuestal.<\/p>\n<p style=\"text-align: justify;\">NO APLICA<\/p>\n<p style=\"text-align: justify;\"><strong>i) Procesos de Contrataci\u00f3n<\/strong><br \/>\nInformaci\u00f3n completa y detallada sobre los procesos pree-contractuales, contractuales, de adjudicaci\u00f3n y liquidaci\u00f3n de bienes, prestaci\u00f3n de servicios, arrendamientos mercantiles, etc, celebrados por la instituci\u00f3n con personas naturales o jur\u00eddicas, incluidos concesiones permisos o autorizaciones.<\/p>\n<p style=\"text-align: justify;\"><strong>j) Incumplimientos<\/strong><br \/>\nUn listado de las empresas que han incumplido contratos con dicha instituci\u00f3n.<\/p>\n<p style=\"text-align: justify;\"><strong>k) Planes y Programas<\/strong><br \/>\nPlanes y Programas de la Instituci\u00f3n en ejecuci\u00f3n.<\/p>\n<p style=\"text-align: justify;\"><a href=\"http:\/\/puellaro.gob.ec\/pichincha\/wp-content\/uploads\/2014\/10\/PLAN-OPERATIVO-ANUAL-2014.pdf\">PLAN OPERATIVO ANUAL 2014<\/a><\/p>\n<p style=\"text-align: justify;\"><a href=\"http:\/\/puellaro.gob.ec\/pichincha\/wp-content\/uploads\/2014\/10\/proyectospartidas.pdf\">PROYECTOS Y PARTIDAS 2014<\/a><\/p>\n<p style=\"text-align: justify;\"><a href=\"http:\/\/puellaro.gob.ec\/pichincha\/wp-content\/uploads\/2014\/10\/ppdot_puellaro.pdf\">ppdot_puellaro<\/a><\/p>\n<p style=\"text-align: justify;\"><a href=\"http:\/\/puellaro.gob.ec\/pichincha\/wp-content\/uploads\/2014\/10\/SIGAD-2014.pdf\">SIGAD 2014<\/a><\/p>\n<p style=\"text-align: justify;\"><a href=\"http:\/\/puellaro.gob.ec\/pichincha\/wp-content\/uploads\/2014\/10\/PAC-2014.pdf\">PAC<\/a><\/p>\n<p style=\"text-align: justify;\"><strong>l) Financiamiento Interno y Externo<\/strong><br \/>\nEl detalle de los contratos de cr\u00e9dito externos o internos; se se\u00f1alar\u00e1 la fuente de los fondos con los que se pagar\u00e1n esos cr\u00e9ditos. Cuando se trate de prestamos o \u00a0contratos de financiamiento, se har\u00e1 constar, como lo prev\u00e9 la Ley Org\u00e1nica de Administraci\u00f3n Financiera y Control, Ley Org\u00e1nica de Contralor\u00eda General del Estado y la Ley Org\u00e1nica de Responsabilidad y Transparencia Fiscal, las operaciones y contratos de Cr\u00e9dito, los montos, plazo, costos financieros o tipos de inter\u00e9s.<\/p>\n<p style=\"text-align: justify;\"><strong>m) Rendici\u00f3n de Cuentas<\/strong><br \/>\nMecanismos de rendici\u00f3n de cuentas a la ciudadan\u00eda, tales como metas e informes de gesti\u00f2n e indicadores de desempe\u00f1o.<\/p>\n<p style=\"text-align: justify;\"><a href=\"http:\/\/puellaro.gob.ec\/pichincha\/wp-content\/uploads\/2014\/10\/Formulario-Gads-RENDICI\u00d3N-DE-CUENTAS-2014-GAD-PU\u00c9LLARO-Publicado-en-web-del-cpccs.pdf\">Formulario Gads RENDICI\u00d3N DE CUENTAS 2014 GAD PU\u00c9LLARO (Publicado en web del cpccs)<\/a><\/p>\n<p style=\"text-align: justify;\"><a href=\"http:\/\/puellaro.gob.ec\/pichincha\/wp-content\/uploads\/2014\/10\/FIRMAS-RENDICION-DE-CUENTAS-2015-GAD-PU\u00c9LLARO.pdf\">FIRMAS RENDICION DE CUENTAS 2015 GAD PU\u00c9LLARO<\/a><\/p>\n<p style=\"text-align: justify;\"><a href=\"http:\/\/puellaro.gob.ec\/pichincha\/wp-content\/uploads\/2014\/10\/10372512_904215222942608_4037267137015778317_n.jpg\"><img loading=\"lazy\" decoding=\"async\" class=\"alignnone size-full wp-image-234\" src=\"http:\/\/puellaro.gob.ec\/pichincha\/wp-content\/uploads\/2014\/10\/10372512_904215222942608_4037267137015778317_n.jpg\" alt=\"10372512_904215222942608_4037267137015778317_n\" width=\"700\" height=\"393\" data-id=\"234\" srcset=\"https:\/\/puellaro.gob.ec\/pichincha\/wp-content\/uploads\/2014\/10\/10372512_904215222942608_4037267137015778317_n.jpg 700w, https:\/\/puellaro.gob.ec\/pichincha\/wp-content\/uploads\/2014\/10\/10372512_904215222942608_4037267137015778317_n-300x168.jpg 300w\" sizes=\"auto, (max-width: 700px) 100vw, 700px\" \/><\/a> <a href=\"http:\/\/puellaro.gob.ec\/pichincha\/wp-content\/uploads\/2014\/10\/10861082_904220026275461_6492072895966514809_o.jpg\"><img loading=\"lazy\" decoding=\"async\" class=\"alignnone size-full wp-image-235\" src=\"http:\/\/puellaro.gob.ec\/pichincha\/wp-content\/uploads\/2014\/10\/10861082_904220026275461_6492072895966514809_o.jpg\" alt=\"10861082_904220026275461_6492072895966514809_o\" width=\"700\" height=\"431\" data-id=\"235\" srcset=\"https:\/\/puellaro.gob.ec\/pichincha\/wp-content\/uploads\/2014\/10\/10861082_904220026275461_6492072895966514809_o.jpg 700w, https:\/\/puellaro.gob.ec\/pichincha\/wp-content\/uploads\/2014\/10\/10861082_904220026275461_6492072895966514809_o-300x185.jpg 300w\" sizes=\"auto, (max-width: 700px) 100vw, 700px\" \/><\/a><\/p>\n<p style=\"text-align: justify;\"><a href=\"http:\/\/puellaro.gob.ec\/pichincha\/wp-content\/uploads\/2014\/10\/1378569_904210959609701_4792057032361826079_n.jpg\"><img loading=\"lazy\" decoding=\"async\" class=\"alignnone size-full wp-image-236\" src=\"http:\/\/puellaro.gob.ec\/pichincha\/wp-content\/uploads\/2014\/10\/1378569_904210959609701_4792057032361826079_n.jpg\" alt=\"1378569_904210959609701_4792057032361826079_n\" width=\"309\" height=\"206\" data-id=\"236\" srcset=\"https:\/\/puellaro.gob.ec\/pichincha\/wp-content\/uploads\/2014\/10\/1378569_904210959609701_4792057032361826079_n.jpg 309w, https:\/\/puellaro.gob.ec\/pichincha\/wp-content\/uploads\/2014\/10\/1378569_904210959609701_4792057032361826079_n-300x200.jpg 300w\" sizes=\"auto, (max-width: 309px) 100vw, 309px\" \/><\/a><\/p>\n<p style=\"text-align: justify;\">Mas informaci\u00f3n:\u00a0[https:\/\/www.facebook.com\/media\/set\/?set=a.904210852943045.1073741955.762015620495903&amp;type=3]\n<p style=\"text-align: justify;\"><strong>n) Gesti\u00f3n Institucional<\/strong><br \/>\nLos vi\u00e1ticos, informes de trabajo y justificativos de movilizaci\u00f3n nacional o internacional \u00a0de las autoridades, dignatarios y funcionarios p\u00f9blicos.<\/p>\n<p style=\"text-align: justify;\"><strong>o) Responsable de la Informaci\u00f3n<\/strong><br \/>\nEl nombre, direcci\u00f3n de la oficina, apartado postal y direcci\u00f3n electr\u00f3nica del responsable de atender la informaci\u00f3n p\u00fablica de que trata esta ley.<\/p>\n<p style=\"text-align: justify;\"><a href=\"http:\/\/puellaro.gob.ec\/pichincha\/wp-content\/uploads\/2014\/10\/RESPONSABLE-DE-LA-INFORMACI\u00d3N-2014.pdf\">RESPONSABLE DE LA INFORMACI\u00d3N 2014<\/a><\/p>\n<p style=\"text-align: justify;\"><a href=\"http:\/\/puellaro.gob.ec\/pichincha\/wp-content\/uploads\/2014\/10\/RESPONSABLE-DE-LA-INFORMACI\u00d3N-2.pdf\">RESPONSABLE DE LA INFORMACI\u00d3N 2<\/a><\/p>\n<p style=\"text-align: justify;\"><a href=\"http:\/\/puellaro.gob.ec\/pichincha\/wp-content\/uploads\/2014\/10\/RESPONSABLE-DE-LA-INFORMACI\u00d3N-3.pdf\">RESPONSABLE DE LA INFORMACI\u00d3N 3<\/a><\/p>\n<p style=\"text-align: justify;\"><strong>s) Organismos Seccionales<\/strong><br \/>\nLos organismos seccionales, informar\u00e1n oportunamente a la ciudadan\u00eca de las resoluciones que adoptaren, mediante la publicaci\u00f3n de las actas de las respectivas sesiones de estos cuerpos colegiados, as\u00ed como sus planes de desarrollo local<\/p>\n","protected":false},"excerpt":{"rendered":"<p>CODIGO-TRABAJO-2015\u00a0 Art. 7.- Difusi\u00f3n de la Informaci\u00f3n P\u00fablica.- Por la transparencia en la gesti\u00f3n administrativa que est\u00e1n obligadas a observar todas las instituciones del Estado que conforman el sector p\u00fablico en los t\u00e9rminos del art\u00edculo 118 de la Constituci\u00f3n Pol\u00edtica de la Rep\u00fablica y dem\u00e1s entes se\u00f1alados en el art\u00edculo 1 de la presente Ley,&#8230;<\/p>\n","protected":false},"author":1,"featured_media":0,"parent":0,"menu_order":0,"comment_status":"closed","ping_status":"closed","template":"","meta":{"footnotes":""},"class_list":["post-56","page","type-page","status-publish","hentry"],"_links":{"self":[{"href":"https:\/\/puellaro.gob.ec\/pichincha\/index.php?rest_route=\/wp\/v2\/pages\/56","targetHints":{"allow":["GET"]}}],"collection":[{"href":"https:\/\/puellaro.gob.ec\/pichincha\/index.php?rest_route=\/wp\/v2\/pages"}],"about":[{"href":"https:\/\/puellaro.gob.ec\/pichincha\/index.php?rest_route=\/wp\/v2\/types\/page"}],"author":[{"embeddable":true,"href":"https:\/\/puellaro.gob.ec\/pichincha\/index.php?rest_route=\/wp\/v2\/users\/1"}],"replies":[{"embeddable":true,"href":"https:\/\/puellaro.gob.ec\/pichincha\/index.php?rest_route=%2Fwp%2Fv2%2Fcomments&post=56"}],"version-history":[{"count":23,"href":"https:\/\/puellaro.gob.ec\/pichincha\/index.php?rest_route=\/wp\/v2\/pages\/56\/revisions"}],"predecessor-version":[{"id":222,"href":"https:\/\/puellaro.gob.ec\/pichincha\/index.php?rest_route=\/wp\/v2\/pages\/56\/revisions\/222"}],"wp:attachment":[{"href":"https:\/\/puellaro.gob.ec\/pichincha\/index.php?rest_route=%2Fwp%2Fv2%2Fmedia&parent=56"}],"curies":[{"name":"wp","href":"https:\/\/api.w.org\/{rel}","templated":true}]}}