{"id":2814,"date":"2022-01-10T11:10:32","date_gmt":"2022-01-10T15:10:32","guid":{"rendered":"https:\/\/puellaro.gob.ec\/pichincha\/?page_id=2814"},"modified":"2024-02-02T13:46:45","modified_gmt":"2024-02-02T17:46:45","slug":"rendicion-de-cuentas-2022","status":"publish","type":"page","link":"https:\/\/puellaro.gob.ec\/pichincha\/?page_id=2814","title":{"rendered":"Rendici\u00f3n de Cuentas 2022"},"content":{"rendered":"<ul style=\"list-style-type: square;\">\n<li><a href=\"https:\/\/puellaro.gob.ec\/pichincha\/wp-content\/uploads\/2024\/02\/INFORME-GAD-PARROQUIAL-2022-3.pdf\">INFORME GAD PARROQUIAL 2022<\/a><\/li>\n<li><a href=\"https:\/\/puellaro.gob.ec\/pichincha\/wp-content\/uploads\/2024\/02\/INF.JOSEPULLAS.PRESIDENTE2022-2.pdf\">INF.JOSEPULLAS.PRESIDENTE2022<\/a><\/li>\n<li><a href=\"https:\/\/puellaro.gob.ec\/pichincha\/wp-content\/uploads\/2024\/02\/INFORME.RENEMOSQUERA-3.pdf\">INFORME.RENEMOSQUERA<\/a><\/li>\n<li><a href=\"https:\/\/puellaro.gob.ec\/pichincha\/wp-content\/uploads\/2024\/02\/InformeEduardoTorrezDias2022-2.pdf\">InformeEduardoTorrezDias2022<\/a><\/li>\n<li><a href=\"https:\/\/puellaro.gob.ec\/pichincha\/wp-content\/uploads\/2024\/02\/Inf.Gestion.NorbertoLugma.2022-2.pdf\">Inf.Gestion.NorbertoLugma.2022<\/a><\/li>\n<li><a href=\"https:\/\/puellaro.gob.ec\/pichincha\/wp-content\/uploads\/2024\/02\/Inf.Gestion.JoseAnaguano.2022-3.pdf\">Inf.Gestion.JoseAnaguano.2022 <\/a><\/li>\n<\/ul>\n<p><a href=\"https:\/\/puellaro.gob.ec\/pichincha\/wp-content\/uploads\/2024\/02\/ACTA-DELIBERACION-RENDICION-DE-CUENTAS-2022.pdf\"><img loading=\"lazy\" decoding=\"async\" class=\"alignnone wp-image-3716\" src=\"https:\/\/puellaro.gob.ec\/pichincha\/wp-content\/uploads\/2024\/02\/IMG_0009-550x413.jpg\" alt=\"\" width=\"325\" height=\"244\" srcset=\"https:\/\/puellaro.gob.ec\/pichincha\/wp-content\/uploads\/2024\/02\/IMG_0009-550x413.jpg 550w, https:\/\/puellaro.gob.ec\/pichincha\/wp-content\/uploads\/2024\/02\/IMG_0009-1024x768.jpg 1024w, https:\/\/puellaro.gob.ec\/pichincha\/wp-content\/uploads\/2024\/02\/IMG_0009-768x576.jpg 768w, https:\/\/puellaro.gob.ec\/pichincha\/wp-content\/uploads\/2024\/02\/IMG_0009-1536x1152.jpg 1536w, https:\/\/puellaro.gob.ec\/pichincha\/wp-content\/uploads\/2024\/02\/IMG_0009-2048x1536.jpg 2048w\" sizes=\"auto, (max-width: 325px) 100vw, 325px\" \/><img loading=\"lazy\" decoding=\"async\" class=\"alignnone wp-image-3717\" src=\"https:\/\/puellaro.gob.ec\/pichincha\/wp-content\/uploads\/2024\/02\/IMG_0013-550x413.jpg\" alt=\"\" width=\"327\" height=\"245\" srcset=\"https:\/\/puellaro.gob.ec\/pichincha\/wp-content\/uploads\/2024\/02\/IMG_0013-550x413.jpg 550w, https:\/\/puellaro.gob.ec\/pichincha\/wp-content\/uploads\/2024\/02\/IMG_0013-1024x768.jpg 1024w, https:\/\/puellaro.gob.ec\/pichincha\/wp-content\/uploads\/2024\/02\/IMG_0013-768x576.jpg 768w, https:\/\/puellaro.gob.ec\/pichincha\/wp-content\/uploads\/2024\/02\/IMG_0013-1536x1152.jpg 1536w, https:\/\/puellaro.gob.ec\/pichincha\/wp-content\/uploads\/2024\/02\/IMG_0013-2048x1536.jpg 2048w\" sizes=\"auto, (max-width: 327px) 100vw, 327px\" \/><img loading=\"lazy\" decoding=\"async\" class=\"alignnone wp-image-3718\" src=\"https:\/\/puellaro.gob.ec\/pichincha\/wp-content\/uploads\/2024\/02\/IMG_0015-550x413.jpg\" alt=\"\" width=\"320\" height=\"240\" srcset=\"https:\/\/puellaro.gob.ec\/pichincha\/wp-content\/uploads\/2024\/02\/IMG_0015-550x413.jpg 550w, https:\/\/puellaro.gob.ec\/pichincha\/wp-content\/uploads\/2024\/02\/IMG_0015-1024x768.jpg 1024w, https:\/\/puellaro.gob.ec\/pichincha\/wp-content\/uploads\/2024\/02\/IMG_0015-768x576.jpg 768w, https:\/\/puellaro.gob.ec\/pichincha\/wp-content\/uploads\/2024\/02\/IMG_0015-1536x1152.jpg 1536w, https:\/\/puellaro.gob.ec\/pichincha\/wp-content\/uploads\/2024\/02\/IMG_0015-2048x1536.jpg 2048w\" sizes=\"auto, (max-width: 320px) 100vw, 320px\" \/><img loading=\"lazy\" decoding=\"async\" class=\"alignnone wp-image-3719\" src=\"https:\/\/puellaro.gob.ec\/pichincha\/wp-content\/uploads\/2024\/02\/IMG_0019-550x413.jpg\" alt=\"\" width=\"321\" height=\"241\" srcset=\"https:\/\/puellaro.gob.ec\/pichincha\/wp-content\/uploads\/2024\/02\/IMG_0019-550x413.jpg 550w, https:\/\/puellaro.gob.ec\/pichincha\/wp-content\/uploads\/2024\/02\/IMG_0019-1024x768.jpg 1024w, https:\/\/puellaro.gob.ec\/pichincha\/wp-content\/uploads\/2024\/02\/IMG_0019-768x576.jpg 768w, https:\/\/puellaro.gob.ec\/pichincha\/wp-content\/uploads\/2024\/02\/IMG_0019-1536x1152.jpg 1536w, https:\/\/puellaro.gob.ec\/pichincha\/wp-content\/uploads\/2024\/02\/IMG_0019-2048x1536.jpg 2048w\" sizes=\"auto, (max-width: 321px) 100vw, 321px\" \/><\/a><\/p>\n<p><a href=\"https:\/\/puellaro.gob.ec\/pichincha\/wp-content\/uploads\/2024\/02\/ACTA-DELIBERACION-RENDICION-DE-CUENTAS-2022.pdf\"><img loading=\"lazy\" decoding=\"async\" class=\"alignnone wp-image-3720\" src=\"https:\/\/puellaro.gob.ec\/pichincha\/wp-content\/uploads\/2024\/02\/IMG_0002-550x413.jpg\" alt=\"\" width=\"297\" height=\"223\" srcset=\"https:\/\/puellaro.gob.ec\/pichincha\/wp-content\/uploads\/2024\/02\/IMG_0002-550x413.jpg 550w, https:\/\/puellaro.gob.ec\/pichincha\/wp-content\/uploads\/2024\/02\/IMG_0002-1024x768.jpg 1024w, https:\/\/puellaro.gob.ec\/pichincha\/wp-content\/uploads\/2024\/02\/IMG_0002-768x576.jpg 768w, https:\/\/puellaro.gob.ec\/pichincha\/wp-content\/uploads\/2024\/02\/IMG_0002-1536x1152.jpg 1536w, https:\/\/puellaro.gob.ec\/pichincha\/wp-content\/uploads\/2024\/02\/IMG_0002-2048x1536.jpg 2048w\" sizes=\"auto, (max-width: 297px) 100vw, 297px\" \/><img loading=\"lazy\" decoding=\"async\" class=\"alignnone wp-image-3721\" src=\"https:\/\/puellaro.gob.ec\/pichincha\/wp-content\/uploads\/2024\/02\/IMG_0005-550x413.jpg\" alt=\"\" width=\"296\" height=\"222\" srcset=\"https:\/\/puellaro.gob.ec\/pichincha\/wp-content\/uploads\/2024\/02\/IMG_0005-550x413.jpg 550w, https:\/\/puellaro.gob.ec\/pichincha\/wp-content\/uploads\/2024\/02\/IMG_0005-1024x768.jpg 1024w, https:\/\/puellaro.gob.ec\/pichincha\/wp-content\/uploads\/2024\/02\/IMG_0005-768x576.jpg 768w, https:\/\/puellaro.gob.ec\/pichincha\/wp-content\/uploads\/2024\/02\/IMG_0005-1536x1152.jpg 1536w, https:\/\/puellaro.gob.ec\/pichincha\/wp-content\/uploads\/2024\/02\/IMG_0005-2048x1536.jpg 2048w\" sizes=\"auto, (max-width: 296px) 100vw, 296px\" \/><img loading=\"lazy\" decoding=\"async\" class=\"alignnone wp-image-3722\" src=\"https:\/\/puellaro.gob.ec\/pichincha\/wp-content\/uploads\/2024\/02\/IMG_0021-550x413.jpg\" alt=\"\" width=\"291\" height=\"218\" srcset=\"https:\/\/puellaro.gob.ec\/pichincha\/wp-content\/uploads\/2024\/02\/IMG_0021-550x413.jpg 550w, https:\/\/puellaro.gob.ec\/pichincha\/wp-content\/uploads\/2024\/02\/IMG_0021-1024x768.jpg 1024w, https:\/\/puellaro.gob.ec\/pichincha\/wp-content\/uploads\/2024\/02\/IMG_0021-768x576.jpg 768w, https:\/\/puellaro.gob.ec\/pichincha\/wp-content\/uploads\/2024\/02\/IMG_0021-1536x1152.jpg 1536w, https:\/\/puellaro.gob.ec\/pichincha\/wp-content\/uploads\/2024\/02\/IMG_0021-2048x1536.jpg 2048w\" sizes=\"auto, (max-width: 291px) 100vw, 291px\" \/><img loading=\"lazy\" decoding=\"async\" class=\"alignnone wp-image-3723\" src=\"https:\/\/puellaro.gob.ec\/pichincha\/wp-content\/uploads\/2024\/02\/IMG_0024-550x413.jpg\" alt=\"\" width=\"287\" height=\"215\" srcset=\"https:\/\/puellaro.gob.ec\/pichincha\/wp-content\/uploads\/2024\/02\/IMG_0024-550x413.jpg 550w, https:\/\/puellaro.gob.ec\/pichincha\/wp-content\/uploads\/2024\/02\/IMG_0024-1024x768.jpg 1024w, https:\/\/puellaro.gob.ec\/pichincha\/wp-content\/uploads\/2024\/02\/IMG_0024-768x576.jpg 768w, https:\/\/puellaro.gob.ec\/pichincha\/wp-content\/uploads\/2024\/02\/IMG_0024-1536x1152.jpg 1536w, https:\/\/puellaro.gob.ec\/pichincha\/wp-content\/uploads\/2024\/02\/IMG_0024-2048x1536.jpg 2048w\" sizes=\"auto, (max-width: 287px) 100vw, 287px\" \/><img loading=\"lazy\" decoding=\"async\" class=\"alignnone wp-image-3724\" src=\"https:\/\/puellaro.gob.ec\/pichincha\/wp-content\/uploads\/2024\/02\/IMG_0029-550x413.jpg\" alt=\"\" width=\"280\" height=\"211\" srcset=\"https:\/\/puellaro.gob.ec\/pichincha\/wp-content\/uploads\/2024\/02\/IMG_0029-550x413.jpg 550w, https:\/\/puellaro.gob.ec\/pichincha\/wp-content\/uploads\/2024\/02\/IMG_0029-1024x768.jpg 1024w, https:\/\/puellaro.gob.ec\/pichincha\/wp-content\/uploads\/2024\/02\/IMG_0029-768x576.jpg 768w, https:\/\/puellaro.gob.ec\/pichincha\/wp-content\/uploads\/2024\/02\/IMG_0029-1536x1152.jpg 1536w, https:\/\/puellaro.gob.ec\/pichincha\/wp-content\/uploads\/2024\/02\/IMG_0029-2048x1536.jpg 2048w\" sizes=\"auto, (max-width: 280px) 100vw, 280px\" \/><img loading=\"lazy\" decoding=\"async\" class=\"alignnone wp-image-3725\" src=\"https:\/\/puellaro.gob.ec\/pichincha\/wp-content\/uploads\/2024\/02\/IMG_0036-550x413.jpg\" alt=\"\" width=\"281\" height=\"211\" srcset=\"https:\/\/puellaro.gob.ec\/pichincha\/wp-content\/uploads\/2024\/02\/IMG_0036-550x413.jpg 550w, https:\/\/puellaro.gob.ec\/pichincha\/wp-content\/uploads\/2024\/02\/IMG_0036-1024x768.jpg 1024w, https:\/\/puellaro.gob.ec\/pichincha\/wp-content\/uploads\/2024\/02\/IMG_0036-768x576.jpg 768w, https:\/\/puellaro.gob.ec\/pichincha\/wp-content\/uploads\/2024\/02\/IMG_0036-1536x1152.jpg 1536w, https:\/\/puellaro.gob.ec\/pichincha\/wp-content\/uploads\/2024\/02\/IMG_0036-2048x1536.jpg 2048w\" sizes=\"auto, (max-width: 281px) 100vw, 281px\" \/><img loading=\"lazy\" decoding=\"async\" class=\"alignnone wp-image-3726\" src=\"https:\/\/puellaro.gob.ec\/pichincha\/wp-content\/uploads\/2024\/02\/IMG_0042-550x413.jpg\" alt=\"\" width=\"285\" height=\"214\" srcset=\"https:\/\/puellaro.gob.ec\/pichincha\/wp-content\/uploads\/2024\/02\/IMG_0042-550x413.jpg 550w, https:\/\/puellaro.gob.ec\/pichincha\/wp-content\/uploads\/2024\/02\/IMG_0042-1024x768.jpg 1024w, https:\/\/puellaro.gob.ec\/pichincha\/wp-content\/uploads\/2024\/02\/IMG_0042-768x576.jpg 768w, https:\/\/puellaro.gob.ec\/pichincha\/wp-content\/uploads\/2024\/02\/IMG_0042-1536x1152.jpg 1536w, https:\/\/puellaro.gob.ec\/pichincha\/wp-content\/uploads\/2024\/02\/IMG_0042-2048x1536.jpg 2048w\" sizes=\"auto, (max-width: 285px) 100vw, 285px\" \/><img loading=\"lazy\" decoding=\"async\" class=\"alignnone wp-image-3727\" src=\"https:\/\/puellaro.gob.ec\/pichincha\/wp-content\/uploads\/2024\/02\/IMG_0057-550x413.jpg\" alt=\"\" width=\"285\" height=\"214\" srcset=\"https:\/\/puellaro.gob.ec\/pichincha\/wp-content\/uploads\/2024\/02\/IMG_0057-550x413.jpg 550w, https:\/\/puellaro.gob.ec\/pichincha\/wp-content\/uploads\/2024\/02\/IMG_0057-1024x768.jpg 1024w, https:\/\/puellaro.gob.ec\/pichincha\/wp-content\/uploads\/2024\/02\/IMG_0057-768x576.jpg 768w, https:\/\/puellaro.gob.ec\/pichincha\/wp-content\/uploads\/2024\/02\/IMG_0057-1536x1152.jpg 1536w, https:\/\/puellaro.gob.ec\/pichincha\/wp-content\/uploads\/2024\/02\/IMG_0057-2048x1536.jpg 2048w\" sizes=\"auto, (max-width: 285px) 100vw, 285px\" \/><img loading=\"lazy\" decoding=\"async\" class=\"alignnone wp-image-3728\" src=\"https:\/\/puellaro.gob.ec\/pichincha\/wp-content\/uploads\/2024\/02\/IMG_0068-550x413.jpg\" alt=\"\" width=\"282\" height=\"211\" srcset=\"https:\/\/puellaro.gob.ec\/pichincha\/wp-content\/uploads\/2024\/02\/IMG_0068-550x413.jpg 550w, https:\/\/puellaro.gob.ec\/pichincha\/wp-content\/uploads\/2024\/02\/IMG_0068-1024x768.jpg 1024w, https:\/\/puellaro.gob.ec\/pichincha\/wp-content\/uploads\/2024\/02\/IMG_0068-768x576.jpg 768w, https:\/\/puellaro.gob.ec\/pichincha\/wp-content\/uploads\/2024\/02\/IMG_0068-1536x1152.jpg 1536w, https:\/\/puellaro.gob.ec\/pichincha\/wp-content\/uploads\/2024\/02\/IMG_0068-2048x1536.jpg 2048w\" sizes=\"auto, (max-width: 282px) 100vw, 282px\" \/><img loading=\"lazy\" decoding=\"async\" class=\"alignnone wp-image-3729\" src=\"https:\/\/puellaro.gob.ec\/pichincha\/wp-content\/uploads\/2024\/02\/IMG_0073-550x413.jpg\" alt=\"\" width=\"279\" height=\"210\" srcset=\"https:\/\/puellaro.gob.ec\/pichincha\/wp-content\/uploads\/2024\/02\/IMG_0073-550x413.jpg 550w, https:\/\/puellaro.gob.ec\/pichincha\/wp-content\/uploads\/2024\/02\/IMG_0073-1024x768.jpg 1024w, https:\/\/puellaro.gob.ec\/pichincha\/wp-content\/uploads\/2024\/02\/IMG_0073-768x576.jpg 768w, https:\/\/puellaro.gob.ec\/pichincha\/wp-content\/uploads\/2024\/02\/IMG_0073-1536x1152.jpg 1536w, https:\/\/puellaro.gob.ec\/pichincha\/wp-content\/uploads\/2024\/02\/IMG_0073-2048x1536.jpg 2048w\" sizes=\"auto, (max-width: 279px) 100vw, 279px\" \/><img loading=\"lazy\" decoding=\"async\" class=\"alignnone wp-image-3730\" src=\"https:\/\/puellaro.gob.ec\/pichincha\/wp-content\/uploads\/2024\/02\/IMG_0077-550x413.jpg\" alt=\"\" width=\"283\" height=\"213\" srcset=\"https:\/\/puellaro.gob.ec\/pichincha\/wp-content\/uploads\/2024\/02\/IMG_0077-550x413.jpg 550w, https:\/\/puellaro.gob.ec\/pichincha\/wp-content\/uploads\/2024\/02\/IMG_0077-1024x768.jpg 1024w, https:\/\/puellaro.gob.ec\/pichincha\/wp-content\/uploads\/2024\/02\/IMG_0077-768x576.jpg 768w, https:\/\/puellaro.gob.ec\/pichincha\/wp-content\/uploads\/2024\/02\/IMG_0077-1536x1152.jpg 1536w, https:\/\/puellaro.gob.ec\/pichincha\/wp-content\/uploads\/2024\/02\/IMG_0077-2048x1536.jpg 2048w\" sizes=\"auto, (max-width: 283px) 100vw, 283px\" \/><img loading=\"lazy\" decoding=\"async\" class=\"alignnone wp-image-3731\" src=\"https:\/\/puellaro.gob.ec\/pichincha\/wp-content\/uploads\/2024\/02\/IMG_0080-550x413.jpg\" alt=\"\" width=\"284\" height=\"214\" srcset=\"https:\/\/puellaro.gob.ec\/pichincha\/wp-content\/uploads\/2024\/02\/IMG_0080-550x413.jpg 550w, https:\/\/puellaro.gob.ec\/pichincha\/wp-content\/uploads\/2024\/02\/IMG_0080-1024x768.jpg 1024w, https:\/\/puellaro.gob.ec\/pichincha\/wp-content\/uploads\/2024\/02\/IMG_0080-768x576.jpg 768w, https:\/\/puellaro.gob.ec\/pichincha\/wp-content\/uploads\/2024\/02\/IMG_0080-1536x1152.jpg 1536w, https:\/\/puellaro.gob.ec\/pichincha\/wp-content\/uploads\/2024\/02\/IMG_0080-2048x1536.jpg 2048w\" sizes=\"auto, (max-width: 284px) 100vw, 284px\" \/><img loading=\"lazy\" decoding=\"async\" class=\"alignnone wp-image-3732\" src=\"https:\/\/puellaro.gob.ec\/pichincha\/wp-content\/uploads\/2024\/02\/IMG_0088-550x413.jpg\" alt=\"\" width=\"294\" height=\"221\" srcset=\"https:\/\/puellaro.gob.ec\/pichincha\/wp-content\/uploads\/2024\/02\/IMG_0088-550x413.jpg 550w, https:\/\/puellaro.gob.ec\/pichincha\/wp-content\/uploads\/2024\/02\/IMG_0088-1024x768.jpg 1024w, https:\/\/puellaro.gob.ec\/pichincha\/wp-content\/uploads\/2024\/02\/IMG_0088-768x576.jpg 768w, https:\/\/puellaro.gob.ec\/pichincha\/wp-content\/uploads\/2024\/02\/IMG_0088-1536x1152.jpg 1536w, https:\/\/puellaro.gob.ec\/pichincha\/wp-content\/uploads\/2024\/02\/IMG_0088-2048x1536.jpg 2048w\" sizes=\"auto, (max-width: 294px) 100vw, 294px\" \/><img loading=\"lazy\" decoding=\"async\" class=\"alignnone wp-image-3733\" src=\"https:\/\/puellaro.gob.ec\/pichincha\/wp-content\/uploads\/2024\/02\/IMG_0094-550x413.jpg\" alt=\"\" width=\"300\" height=\"225\" srcset=\"https:\/\/puellaro.gob.ec\/pichincha\/wp-content\/uploads\/2024\/02\/IMG_0094-550x413.jpg 550w, https:\/\/puellaro.gob.ec\/pichincha\/wp-content\/uploads\/2024\/02\/IMG_0094-1024x768.jpg 1024w, https:\/\/puellaro.gob.ec\/pichincha\/wp-content\/uploads\/2024\/02\/IMG_0094-768x576.jpg 768w, https:\/\/puellaro.gob.ec\/pichincha\/wp-content\/uploads\/2024\/02\/IMG_0094-1536x1152.jpg 1536w, https:\/\/puellaro.gob.ec\/pichincha\/wp-content\/uploads\/2024\/02\/IMG_0094-2048x1536.jpg 2048w\" sizes=\"auto, (max-width: 300px) 100vw, 300px\" \/><img loading=\"lazy\" decoding=\"async\" class=\"alignnone wp-image-3734\" src=\"https:\/\/puellaro.gob.ec\/pichincha\/wp-content\/uploads\/2024\/02\/IMG_0102-550x413.jpg\" alt=\"\" width=\"300\" height=\"225\" srcset=\"https:\/\/puellaro.gob.ec\/pichincha\/wp-content\/uploads\/2024\/02\/IMG_0102-550x413.jpg 550w, https:\/\/puellaro.gob.ec\/pichincha\/wp-content\/uploads\/2024\/02\/IMG_0102-1024x768.jpg 1024w, https:\/\/puellaro.gob.ec\/pichincha\/wp-content\/uploads\/2024\/02\/IMG_0102-768x576.jpg 768w, https:\/\/puellaro.gob.ec\/pichincha\/wp-content\/uploads\/2024\/02\/IMG_0102-1536x1152.jpg 1536w, https:\/\/puellaro.gob.ec\/pichincha\/wp-content\/uploads\/2024\/02\/IMG_0102-2048x1536.jpg 2048w\" sizes=\"auto, (max-width: 300px) 100vw, 300px\" \/><img loading=\"lazy\" decoding=\"async\" class=\"alignnone size-medium wp-image-3735\" src=\"https:\/\/puellaro.gob.ec\/pichincha\/wp-content\/uploads\/2024\/02\/IMG_0122-550x413.jpg\" alt=\"\" width=\"550\" height=\"413\" srcset=\"https:\/\/puellaro.gob.ec\/pichincha\/wp-content\/uploads\/2024\/02\/IMG_0122-550x413.jpg 550w, https:\/\/puellaro.gob.ec\/pichincha\/wp-content\/uploads\/2024\/02\/IMG_0122-1024x768.jpg 1024w, https:\/\/puellaro.gob.ec\/pichincha\/wp-content\/uploads\/2024\/02\/IMG_0122-768x576.jpg 768w, https:\/\/puellaro.gob.ec\/pichincha\/wp-content\/uploads\/2024\/02\/IMG_0122-1536x1152.jpg 1536w, https:\/\/puellaro.gob.ec\/pichincha\/wp-content\/uploads\/2024\/02\/IMG_0122-2048x1536.jpg 2048w\" sizes=\"auto, (max-width: 550px) 100vw, 550px\" \/><\/a><\/p>\n<ul style=\"list-style-type: square;\">\n<li><strong><a href=\"https:\/\/puellaro.gob.ec\/pichincha\/wp-content\/uploads\/2024\/02\/ACTA-DELIBERACION-RENDICION-DE-CUENTAS-2022.pdf\">ACTA DELIBERACI\u00d3N RENDICI\u00d3N DE CUENTAS<\/a><br \/>\n<\/strong><\/li>\n<li><strong><a href=\"https:\/\/puellaro.gob.ec\/pichincha\/wp-content\/uploads\/2024\/02\/ASISTENCIA-COMUNIDAD-RENDICION-DE-CUENTAS-2022.pdf\">ASISTENCIA COMUNIDAD RENDICI\u00d3N DE CUENTAS 2022<\/a><\/strong><\/li>\n<\/ul>\n<p><img loading=\"lazy\" decoding=\"async\" class=\"alignnone size-medium wp-image-3396\" src=\"https:\/\/puellaro.gob.ec\/pichincha\/wp-content\/uploads\/2023\/04\/WhatsApp-Image-2023-04-13-at-10.04.23-AM-550x461.jpeg\" alt=\"\" width=\"550\" height=\"461\" srcset=\"https:\/\/puellaro.gob.ec\/pichincha\/wp-content\/uploads\/2023\/04\/WhatsApp-Image-2023-04-13-at-10.04.23-AM-550x461.jpeg 550w, https:\/\/puellaro.gob.ec\/pichincha\/wp-content\/uploads\/2023\/04\/WhatsApp-Image-2023-04-13-at-10.04.23-AM-768x644.jpeg 768w, https:\/\/puellaro.gob.ec\/pichincha\/wp-content\/uploads\/2023\/04\/WhatsApp-Image-2023-04-13-at-10.04.23-AM.jpeg 940w\" sizes=\"auto, (max-width: 550px) 100vw, 550px\" \/><\/p>\n<p><i>El Consejo de Participaci\u00f3n Ciudadana y Control Social (CPCCS) establece que la Rendici\u00f3n de Cuentas es el proceso mediante el cual las instituciones que ejecutan recursos p\u00fablicos en determinado ejercicio fiscal, socializan y transparentan a la ciudadan\u00eda la gesti\u00f3n realizada en determinado a\u00f1o.<\/i><\/p>\n<p><i>El Gobierno Parroquial de Pu\u00e9llaro, durante el ejercicio fiscal 2022, al igual que en a\u00f1os anteriores, ha implementado permanentemente varios espacios de participaci\u00f3n ciudadana en el territorio, donde la comunidad conoci\u00f3 e interactu\u00f3 en la ejecuci\u00f3n de las pol\u00edticas p\u00fablicas plasmadas en varios productos y servicios que transparentaron la gesti\u00f3n del\u00a0 GAD Parroquial.\u00a0<\/i><\/p>\n<p><i>En cuanto a la elaboraci\u00f3n del informe de Rendici\u00f3n de Cuentas 2022, este organismo gubernamental ha implementado un <strong>formulario para que se puedan registrar los temas sobre los cuales usted requiere que la autoridad rinda cuentas, el mismo que se receptar\u00e1, hasta el 21 de abril de 2023<\/strong><strong>,<\/strong><b>\u00a0a trav\u00e9s del correo electr\u00f3nico\u00a0<a href=\"mailto:transparencia@educacion.gob.ec\" target=\"_blank\" rel=\"noopener\">gad_puellaro@hotmail.com<\/a>\u00a0o en las<\/b>\u00a0<strong>oficinas de Secretaria de la Instituci\u00f3n.<\/strong><\/i><\/p>\n<ul style=\"list-style-type: square;\">\n<li><a href=\"https:\/\/puellaro.gob.ec\/pichincha\/wp-content\/uploads\/2023\/04\/Anexo-1-Formulario_peticion_ciudadana_rendicion_cuentas_2022.pdf\">Anexo-1-Formulario_peticion_ciudadana_rendicion_cuentas_2022<\/a><\/li>\n<\/ul>\n<p>&nbsp;<\/p>\n<p><strong>CONSULTA DIRIGENTES BARRIALES Y COMUNALES<\/strong><\/p>\n<p><em>Se extiende el<\/em> <strong><em>Oficio Circular N\u00b0.:<\/em><\/strong><em> GADPRP-2023-001, a dirigentes barriales y comunales de la Parroquia de Pu\u00e9llaro a fin de conocer de manera directa y personalizada sus consultas sobre los temas que las autoridades del Gobierno Parroquial rindan cuentas. De esa manera garantizar la participaci\u00f3n ciudadana. Se adjunta por este medio <strong>POA 2022, Plan de Campa\u00f1a y PDOT<\/strong> (Plan de Desarrollo y Ordenamiento Territorial).\u00a0<\/em><\/p>\n<ul style=\"list-style-type: square;\">\n<li><a href=\"https:\/\/puellaro.gob.ec\/pichincha\/wp-content\/uploads\/2023\/04\/POA-2022.pdf\">POA 2022<\/a><\/li>\n<li><a href=\"https:\/\/puellaro.gob.ec\/pichincha\/wp-content\/uploads\/2023\/04\/PLAN-DE-CAMPANA-SR.-PULLAS-INSCRITO-EN-EL-CNE.pdf\">PLAN-DE-CAMPANA-SR.-PULLAS-INSCRITO-EN-EL-CNE<\/a><\/li>\n<li><a href=\"https:\/\/puellaro.gob.ec\/pichincha\/wp-content\/uploads\/2023\/04\/PLAN-DE-DESARROLLO-Y-ORDENAMIENTO-TERRITORIAL-PARROQUIA-DE-PUELLARO.pdf\">PLAN-DE-DESARROLLO-Y-ORDENAMIENTO-TERRITORIAL-PARROQUIA-DE-PUELLARO<\/a><\/li>\n<\/ul>\n<p>Iniciamos el proceso de rendici\u00f3n de cuentas del per\u00edodo 2022.<\/p>\n<p>Aqu\u00ed podr\u00e1 realizar su consulta o proponernos el proyecto, programa u obra sobre el que usted desea recibir informaci\u00f3n durante este proceso.<\/p>\n<p>Muchas gracias por su participaci\u00f3n.<\/p>\n[vc_row][vc_column]<div class=\"wpforms-container wpforms-container-full\" id=\"wpforms-2777\"><form id=\"wpforms-form-2777\" class=\"wpforms-validate wpforms-form\" data-formid=\"2777\" method=\"post\" enctype=\"multipart\/form-data\" action=\"\/pichincha\/index.php?rest_route=%2Fwp%2Fv2%2Fpages%2F2814\" data-token=\"824dbd4d31f800827de2c1158de24c9c\" data-token-time=\"1777614359\"><div class=\"wpforms-head-container\"><div class=\"wpforms-title\">Consultas Ciudadanas<\/div><\/div><noscript class=\"wpforms-error-noscript\">Por favor, activa JavaScript en tu navegador para completar este formulario.<\/noscript><div class=\"wpforms-field-container\"><div id=\"wpforms-2777-field_1-container\" class=\"wpforms-field wpforms-field-name\" data-field-id=\"1\"><label class=\"wpforms-field-label\">Nombre <span class=\"wpforms-required-label\">*<\/span><\/label><div class=\"wpforms-field-row wpforms-field-medium\"><div class=\"wpforms-field-row-block wpforms-first wpforms-one-half\"><input type=\"text\" id=\"wpforms-2777-field_1\" class=\"wpforms-field-name-first wpforms-field-required\" name=\"wpforms[fields][1][first]\" required><label for=\"wpforms-2777-field_1\" class=\"wpforms-field-sublabel after\">Nombre<\/label><\/div><div class=\"wpforms-field-row-block wpforms-one-half\"><input type=\"text\" id=\"wpforms-2777-field_1-last\" class=\"wpforms-field-name-last wpforms-field-required\" name=\"wpforms[fields][1][last]\" required><label for=\"wpforms-2777-field_1-last\" class=\"wpforms-field-sublabel after\">Apellidos<\/label><\/div><\/div><\/div><div id=\"wpforms-2777-field_3-container\" class=\"wpforms-field wpforms-field-email\" data-field-id=\"3\"><label class=\"wpforms-field-label\" for=\"wpforms-2777-field_3\">Correo electr\u00f3nico <span class=\"wpforms-required-label\">*<\/span><\/label><input type=\"email\" id=\"wpforms-2777-field_3\" class=\"wpforms-field-medium wpforms-field-required\" name=\"wpforms[fields][3]\" spellcheck=\"false\" required><\/div><div id=\"wpforms-2777-field_5-container\" class=\"wpforms-field wpforms-field-text\" data-field-id=\"5\"><label class=\"wpforms-field-label\" for=\"wpforms-2777-field_5\">Organizaci\u00f3n, Instituci\u00f3n, Barrio o Comuna <span class=\"wpforms-required-label\">*<\/span><\/label><input type=\"text\" id=\"wpforms-2777-field_5\" class=\"wpforms-field-medium wpforms-field-required\" name=\"wpforms[fields][5]\" required><\/div><div id=\"wpforms-2777-field_6-container\" class=\"wpforms-field wpforms-field-textarea\" data-field-id=\"6\"><label class=\"wpforms-field-label\" for=\"wpforms-2777-field_6\">Consulta.<\/label><textarea id=\"wpforms-2777-field_6\" class=\"wpforms-field-medium\" name=\"wpforms[fields][6]\" ><\/textarea><\/div><\/div><!-- .wpforms-field-container --><div class=\"wpforms-submit-container\" ><input type=\"hidden\" name=\"wpforms[id]\" value=\"2777\"><input type=\"hidden\" name=\"page_title\" value=\"\"><input type=\"hidden\" name=\"page_url\" value=\"https:\/\/puellaro.gob.ec\/pichincha\/index.php?rest_route=\/wp\/v2\/pages\/2814\"><input type=\"hidden\" name=\"url_referer\" value=\"\"><button type=\"submit\" name=\"wpforms[submit]\" id=\"wpforms-submit-2777\" class=\"wpforms-submit\" data-alt-text=\"Enviando...\" data-submit-text=\"Enviar\" aria-live=\"assertive\" value=\"wpforms-submit\">Enviar<\/button><\/div><\/form><\/div>  <!-- .wpforms-container -->[\/vc_column][\/vc_row]\n","protected":false},"excerpt":{"rendered":"<p>INFORME GAD PARROQUIAL 2022 INF.JOSEPULLAS.PRESIDENTE2022 INFORME.RENEMOSQUERA InformeEduardoTorrezDias2022 Inf.Gestion.NorbertoLugma.2022 Inf.Gestion.JoseAnaguano.2022 ACTA DELIBERACI\u00d3N RENDICI\u00d3N DE CUENTAS ASISTENCIA COMUNIDAD RENDICI\u00d3N DE CUENTAS 2022 El Consejo de Participaci\u00f3n Ciudadana y Control Social (CPCCS) establece que la Rendici\u00f3n de Cuentas es el proceso mediante el cual las instituciones que ejecutan recursos p\u00fablicos en determinado ejercicio fiscal, socializan y transparentan a&#8230;<\/p>\n","protected":false},"author":6,"featured_media":0,"parent":0,"menu_order":0,"comment_status":"closed","ping_status":"closed","template":"","meta":{"footnotes":""},"class_list":["post-2814","page","type-page","status-publish","hentry"],"_links":{"self":[{"href":"https:\/\/puellaro.gob.ec\/pichincha\/index.php?rest_route=\/wp\/v2\/pages\/2814","targetHints":{"allow":["GET"]}}],"collection":[{"href":"https:\/\/puellaro.gob.ec\/pichincha\/index.php?rest_route=\/wp\/v2\/pages"}],"about":[{"href":"https:\/\/puellaro.gob.ec\/pichincha\/index.php?rest_route=\/wp\/v2\/types\/page"}],"author":[{"embeddable":true,"href":"https:\/\/puellaro.gob.ec\/pichincha\/index.php?rest_route=\/wp\/v2\/users\/6"}],"replies":[{"embeddable":true,"href":"https:\/\/puellaro.gob.ec\/pichincha\/index.php?rest_route=%2Fwp%2Fv2%2Fcomments&post=2814"}],"version-history":[{"count":8,"href":"https:\/\/puellaro.gob.ec\/pichincha\/index.php?rest_route=\/wp\/v2\/pages\/2814\/revisions"}],"predecessor-version":[{"id":3744,"href":"https:\/\/puellaro.gob.ec\/pichincha\/index.php?rest_route=\/wp\/v2\/pages\/2814\/revisions\/3744"}],"wp:attachment":[{"href":"https:\/\/puellaro.gob.ec\/pichincha\/index.php?rest_route=%2Fwp%2Fv2%2Fmedia&parent=2814"}],"curies":[{"name":"wp","href":"https:\/\/api.w.org\/{rel}","templated":true}]}}