{"id":2404,"date":"2021-01-04T21:15:46","date_gmt":"2021-01-05T01:15:46","guid":{"rendered":"https:\/\/puellaro.gob.ec\/pichincha\/?page_id=2404"},"modified":"2022-03-23T13:28:52","modified_gmt":"2022-03-23T17:28:52","slug":"rendicion-de-cuentas-2021","status":"publish","type":"page","link":"https:\/\/puellaro.gob.ec\/pichincha\/?page_id=2404","title":{"rendered":"Rendici\u00f3n de Cuentas 2021"},"content":{"rendered":"<p>&nbsp;<\/p>\n<p><i><img loading=\"lazy\" decoding=\"async\" class=\"alignnone size-medium wp-image-2819\" src=\"https:\/\/puellaro.gob.ec\/pichincha\/wp-content\/uploads\/2022\/02\/WhatsApp-Image-2022-02-07-at-9.18.10-AM-550x461.jpeg\" alt=\"\" width=\"550\" height=\"461\" srcset=\"https:\/\/puellaro.gob.ec\/pichincha\/wp-content\/uploads\/2022\/02\/WhatsApp-Image-2022-02-07-at-9.18.10-AM-550x461.jpeg 550w, https:\/\/puellaro.gob.ec\/pichincha\/wp-content\/uploads\/2022\/02\/WhatsApp-Image-2022-02-07-at-9.18.10-AM-768x644.jpeg 768w, https:\/\/puellaro.gob.ec\/pichincha\/wp-content\/uploads\/2022\/02\/WhatsApp-Image-2022-02-07-at-9.18.10-AM.jpeg 940w\" sizes=\"auto, (max-width: 550px) 100vw, 550px\" \/><\/i><\/p>\n<p>&nbsp;<\/p>\n<p><i>El Consejo de Participaci\u00f3n Ciudadana y Control Social (CPCCS) establece que la Rendici\u00f3n de Cuentas es el proceso mediante el cual las instituciones que ejecutan recursos p\u00fablicos en determinado ejercicio fiscal, socializan y transparentan a la ciudadan\u00eda la gesti\u00f3n realizada en determinado a\u00f1o.<\/i><\/p>\n<p><i>El Gobierno Parroquial de Pu\u00e9llaro, durante el ejercicio fiscal 2021, al igual que en a\u00f1os anteriores, ha implementado permanentemente varios espacios de participaci\u00f3n ciudadana en el territorio, donde la comunidad conoci\u00f3 e interactu\u00f3 en la ejecuci\u00f3n de las pol\u00edticas p\u00fablicas plasmadas en varios productos y servicios que transparentaron la gesti\u00f3n del\u00a0 GAD Parroquial.\u00a0<\/i><\/p>\n<p><i>En cuanto a la elaboraci\u00f3n del informe de Rendici\u00f3n de Cuentas 2021, este organismo gubernamental ha implementado un <strong>formulario para que se puedan registrar los temas sobre los cuales usted requiere que la autoridad rinda cuentas, el mismo que se receptar\u00e1, del 08 al 22 de febrero de 2022<\/strong><strong>,<\/strong><b>\u00a0a trav\u00e9s del correo electr\u00f3nico\u00a0<a href=\"mailto:transparencia@educacion.gob.ec\" target=\"_blank\" rel=\"noopener\">gad_puellaro@hotmail.com<\/a>\u00a0o en las<\/b>\u00a0<strong>oficinas de Secretaria de la Instituci\u00f3n<\/strong>, respetando las disposiciones emitidas por el COE nacional o COE cantonal.<\/i><\/p>\n<p><a href=\"https:\/\/puellaro.gob.ec\/pichincha\/wp-content\/uploads\/2022\/02\/Anexo-1-Formulario_peticion_ciudadana_rendicion_cuentas_2021.pdf\"><img loading=\"lazy\" decoding=\"async\" class=\"alignnone size-full wp-image-2822\" src=\"https:\/\/puellaro.gob.ec\/pichincha\/wp-content\/uploads\/2022\/02\/Captura.jpg\" alt=\"\" width=\"439\" height=\"118\" \/><\/a><\/p>\n<p><a href=\"https:\/\/puellaro.gob.ec\/pichincha\/wp-content\/uploads\/2022\/02\/Anexo-1-Formulario_peticion_ciudadana_rendicion_cuentas_2021.pdf\">Anexo-1-Formulario_peticion_ciudadana_rendicion_cuentas_2021<\/a><\/p>\n<p>&nbsp;<\/p>\n<p>CONSULTA IRIGENTES BARRIALES Y COMUNALES<\/p>\n<p><em>Se extiende el<\/em> <strong><em>Oficio Circular N\u00b0.:<\/em><\/strong><em> GADPRP-2022-001, a dirigentes barriales y comunales de la Parroquia de Pu\u00e9llaro a fin de conocer de manera directa y personalizada sus consultas sobre los temas que las autoridades del Gobierno Parroquial rindan cuentas. De esa manera garantizar la participaci\u00f3n ciudadana. Se adjunta por este medio <strong>POA 2021, Plan de Campa\u00f1a y PDOT<\/strong> (Plan de Desarrollo y Ordenamiento Territorial).\u00a0<\/em><\/p>\n<p><a href=\"https:\/\/puellaro.gob.ec\/pichincha\/wp-content\/uploads\/2022\/03\/PLAN-DE-DESARROLLO-Y-ORDENAMIENTO-TERRITORIAL-PARROQUIA-DE-PUELLARO.pdf\">PLAN DE DESARROLLO Y ORDENAMIENTO TERRITORIAL PARROQUIA DE PU\u00c9LLARO<\/a><\/p>\n<p><a href=\"https:\/\/puellaro.gob.ec\/pichincha\/wp-content\/uploads\/2022\/03\/POA-2021.pdf\">POA 2021<\/a><\/p>\n<p><a href=\"https:\/\/puellaro.gob.ec\/pichincha\/wp-content\/uploads\/2022\/03\/PLAN-DE-CAMPANA-SR.-PULLAS-INSCRITO-EN-EL-CNE.pdf\">PLAN DE CAMPA\u00d1A SR. PULLAS INSCRITO EN EL CNE<\/a><\/p>\n<p><strong>HAZ TU CONSULTA AQU\u00cd<\/strong><\/p>\n<div id=\"wpforms-2777\" class=\"wpforms-container wpforms-container-full\">\n<form id=\"wpforms-form-2777\" class=\"wpforms-validate wpforms-form\" action=\"https:\/\/puellaro.gob.ec\/pichincha\/?page_id=2020\" enctype=\"multipart\/form-data\" method=\"post\" novalidate=\"novalidate\" data-formid=\"2777\" data-token=\"d77191773bfed2632e019b0c4acbadfd\">\n<div class=\"wpforms-field-container\">\n<div id=\"wpforms-2777-field_1-container\" class=\"wpforms-field wpforms-field-name\" data-field-id=\"1\">\n<p><label class=\"wpforms-field-label\" for=\"wpforms-2777-field_1\">Nombres Completos<span class=\"wpforms-required-label\">*<\/span><\/label><input id=\"wpforms-2777-field_1\" class=\"wpforms-field-name-first wpforms-field-required\" name=\"wpforms[fields][1][first]\" required=\"\" type=\"text\" \/><\/p>\n<div class=\"wpforms-field-row wpforms-field-medium\">\n<div><\/div>\n<div class=\"wpforms-field-row-block wpforms-one-half\">Tel\u00e9fono* <input id=\"wpforms-2777-field_1-last\" class=\"wpforms-field-name-last wpforms-field-required\" name=\"wpforms[fields][1][last]\" required=\"\" type=\"text\" \/><\/div>\n<div><\/div>\n<\/div>\n<\/div>\n<div id=\"wpforms-2777-field_3-container\" class=\"wpforms-field wpforms-field-email\" data-field-id=\"3\"><label class=\"wpforms-field-label\" for=\"wpforms-2777-field_3\">Correo electr\u00f3nico\u00a0<span class=\"wpforms-required-label\">*<\/span><\/label><input id=\"wpforms-2777-field_3\" class=\"wpforms-field-medium wpforms-field-required\" name=\"wpforms[fields][3]\" required=\"\" type=\"email\" \/><\/div>\n<div data-field-id=\"3\"><\/div>\n<div id=\"wpforms-2777-field_5-container\" class=\"wpforms-field wpforms-field-text\" data-field-id=\"5\"><label class=\"wpforms-field-label\" for=\"wpforms-2777-field_5\">Organizaci\u00f3n, Instituci\u00f3n, Barrio o Comuna\u00a0<span class=\"wpforms-required-label\">*<\/span><\/label><input id=\"wpforms-2777-field_5\" class=\"wpforms-field-medium wpforms-field-required\" name=\"wpforms[fields][5]\" required=\"\" type=\"text\" \/><\/div>\n<div data-field-id=\"5\"><\/div>\n<div id=\"wpforms-2777-field_6-container\" class=\"wpforms-field wpforms-field-textarea\" data-field-id=\"6\"><label class=\"wpforms-field-label\" for=\"wpforms-2777-field_6\">Consulta.<\/label><textarea id=\"wpforms-2777-field_6\" class=\"wpforms-field-medium\" style=\"width: 420px; height: 60px;\" name=\"wpforms[fields][6]\"><\/textarea><\/div>\n<div data-field-id=\"6\"><\/div>\n<\/div>\n<div class=\"wpforms-submit-container\"><button id=\"wpforms-submit-2777\" class=\"wpforms-submit\" name=\"wpforms[submit]\" type=\"submit\" value=\"wpforms-submit\" data-alt-text=\"Enviando...\" data-submit-text=\"Enviar\" aria-live=\"assertive\">Enviar<\/button><\/div>\n<\/form>\n<\/div>\n","protected":false},"excerpt":{"rendered":"<p>&nbsp; &nbsp; El Consejo de Participaci\u00f3n Ciudadana y Control Social (CPCCS) establece que la Rendici\u00f3n de Cuentas es el proceso mediante el cual las instituciones que ejecutan recursos p\u00fablicos en determinado ejercicio fiscal, socializan y transparentan a la ciudadan\u00eda la gesti\u00f3n realizada en determinado a\u00f1o. El Gobierno Parroquial de Pu\u00e9llaro, durante el ejercicio fiscal 2021,&#8230;<\/p>\n","protected":false},"author":6,"featured_media":0,"parent":0,"menu_order":0,"comment_status":"closed","ping_status":"closed","template":"","meta":{"footnotes":""},"class_list":["post-2404","page","type-page","status-publish","hentry"],"_links":{"self":[{"href":"https:\/\/puellaro.gob.ec\/pichincha\/index.php?rest_route=\/wp\/v2\/pages\/2404","targetHints":{"allow":["GET"]}}],"collection":[{"href":"https:\/\/puellaro.gob.ec\/pichincha\/index.php?rest_route=\/wp\/v2\/pages"}],"about":[{"href":"https:\/\/puellaro.gob.ec\/pichincha\/index.php?rest_route=\/wp\/v2\/types\/page"}],"author":[{"embeddable":true,"href":"https:\/\/puellaro.gob.ec\/pichincha\/index.php?rest_route=\/wp\/v2\/users\/6"}],"replies":[{"embeddable":true,"href":"https:\/\/puellaro.gob.ec\/pichincha\/index.php?rest_route=%2Fwp%2Fv2%2Fcomments&post=2404"}],"version-history":[{"count":13,"href":"https:\/\/puellaro.gob.ec\/pichincha\/index.php?rest_route=\/wp\/v2\/pages\/2404\/revisions"}],"predecessor-version":[{"id":3069,"href":"https:\/\/puellaro.gob.ec\/pichincha\/index.php?rest_route=\/wp\/v2\/pages\/2404\/revisions\/3069"}],"wp:attachment":[{"href":"https:\/\/puellaro.gob.ec\/pichincha\/index.php?rest_route=%2Fwp%2Fv2%2Fmedia&parent=2404"}],"curies":[{"name":"wp","href":"https:\/\/api.w.org\/{rel}","templated":true}]}}